{"id":5,"date":"2023-05-10T20:02:31","date_gmt":"2023-05-10T20:02:31","guid":{"rendered":"https:\/\/bestehashtags.de\/?page_id=5"},"modified":"2023-05-10T20:47:59","modified_gmt":"2023-05-10T20:47:59","slug":"beste-hashtags","status":"publish","type":"page","link":"https:\/\/bestehashtags.de\/","title":{"rendered":"Beste hashtags"},"content":{"rendered":"\n<div class=\"wp-block-uagb-container uagb-block-3a3f0ebb alignfull uagb-is-root-container\"><div class=\"uagb-container-inner-blocks-wrap\">\n<h2 class=\"wp-block-heading has-text-color\" style=\"color:#5bbab5;margin-top:var(--wp--preset--spacing--60);margin-right:0;margin-bottom:0;margin-left:0\"><strong><strong>Die besten Hashtags auf Instagram im Jahr 2023: Wie man sie benutzt, um seine Follower-Zahl zu erh\u00f6hen<\/strong><\/strong><\/h2>\n\n\n\n<p style=\"margin-top:0;margin-right:0;margin-bottom:var(--wp--preset--spacing--60);margin-left:0\">Hashtags auf Instagram k\u00f6nnen \u00fcberw\u00e4ltigend sein. Insbesondere h\u00f6ren wir dies oft von Menschen, die Instagram als Marketinginstrument nutzen oder ihre Kreativit\u00e4t monetarisieren m\u00f6chten. Gl\u00fccklicherweise ist es mit etwas Know-how und den richtigen Werkzeugen wirklich f\u00fcr jeden m\u00f6glich, gro\u00dfe Ziele auf der Plattform zu erreichen und von dort zu profitieren. Heute werden wir daher ausf\u00fchrlich die Rolle relevanter Instagram-Hashtags besprechen, denn wenn es darum geht, Ihr Profil zu vergr\u00f6\u00dfern, m\u00fcssen Sie verstehen, wie wichtig sie f\u00fcr Ihren Erfolg sind.<br><br>Wie Sie wahrscheinlich bereits wissen, ist Instagram in den letzten Jahren zu einer der beliebtesten Social-Media-Plattformen geworden, mit \u00fcber zwei Milliarden monatlich aktiven Nutzern. Urspr\u00fcnglich f\u00fcr das Teilen von quadratischen Fotos konzipiert, ist die App schnell zu einem Zentrum f\u00fcr Content-Ersteller, Influencer und Markeninhaber geworden, um ihre Kreativit\u00e4t zu pr\u00e4sentieren, ein Ventil f\u00fcr ihre Gedanken zu schaffen, ein breiteres Publikum zu erreichen und Gleichgesinnte zu treffen. W\u00e4hrend Instagram zun\u00e4chst eine Plattform zum Teilen von Erinnerungen mit Freunden und zur Unterhaltung war, sind diese Tage l\u00e4ngst vorbei: Jetzt ist es ein leistungsstarkes Marketinginstrument, um mit Menschen auf der ganzen Welt in Verbindung zu treten und ist auch zu einer f\u00fchrenden Einkommensquelle f\u00fcr viele Ersteller geworden.<br><br>Interessiert daran zu lernen, wie Sie einer von ihnen werden und Ihr Instagram-Profil auf strategische Weise vergr\u00f6\u00dfern k\u00f6nnen? Nun, Sie haben Gl\u00fcck, denn in diesem Leitfaden werden wir uns auf alles konzentrieren, was Sie \u00fcber Instagram-Hashtags wissen m\u00fcssen, um Ihre Follower-Zahl zu erh\u00f6hen, Ihre treue Gemeinschaft zu vergr\u00f6\u00dfern und den Prozess stressfrei zu gestalten. Lassen Sie uns eintauchen!<\/p>\n<\/div><\/div>\n\n\n\n<div class=\"wp-block-uagb-container uagb-block-a327657a alignfull uagb-is-root-container\"><div class=\"uagb-container-inner-blocks-wrap\">\n<div class=\"wp-block-uagb-call-to-action uagb-block-98219e4c wp-block-button\"><div class=\"uagb-cta__wrap\"><h3 class=\"uagb-cta__title\">Pr\u00fcfen, welche Hashtags verboten sind<\/h3><\/div><div class=\"uagb-cta__buttons\"><a href=\"https:\/\/iqhashtags.com\/\" class=\"uagb-cta__button-link-wrapper wp-block-button__link\" target=\"_self\" rel=\"noopener noreferrer\">Weiter zur Bewerbung<\/a><\/div><\/div>\n<\/div><\/div>\n\n\n\n<div class=\"wp-block-uagb-container uagb-block-01a0dbd4 alignfull uagb-is-root-container\"><div class=\"uagb-container-inner-blocks-wrap\">\n<h2 class=\"wp-block-heading has-text-color\" style=\"color:#5bbab5;margin-top:var(--wp--preset--spacing--60);margin-right:0;margin-bottom:0;margin-left:0\"><strong><strong><strong>Was sind Instagram-Hashtags?<\/strong><\/strong><\/strong><\/h2>\n\n\n\n<p class=\"has-text-color\" style=\"color:#eaeaea;margin-top:0;margin-right:0;margin-bottom:var(--wp--preset--spacing--60);margin-left:0\">Also, was sind Instagram-Hashtags genau?<br><br>Ein Hashtag ist eine Kombination aus Buchstaben (manchmal auch mit Zahlen oder Emojis) und wird durch das Symbol # vorangestellt (z.B. #HashtagsSindWichtig). Es handelt sich um spezifische W\u00f6rter und Phrasen, die Instagram-Nutzer verwenden, um den Inhalt zu finden, nach dem sie suchen. Sie erm\u00f6glichen es ihnen, relevante Inhalte zu finden, wenn sie eine Instagram-Suchmaschine verwenden. Auf diese Weise machen Hashtags Ihre Inhalte durchsuchbar und viel leichter entdeckbar!<br><br>Jeder Hashtag ist anklickbar, d.h. Benutzer, die auf einen Hashtag klicken oder einen Hashtag suchen, sehen eine dedizierte Entdeckungsseite mit anderen Beitr\u00e4gen und Reels, die mit diesem Hashtag markiert sind.<br><br>Wenn Sie beispielsweise den Hashtag #Hochzeitskleidinspiration in einem Ihrer Beitr\u00e4ge verwenden, entdeckt jemand, der auf diesen Hashtag klickt, eine ganze Entdeckungsseite mit Beitr\u00e4gen, die \u00e4hnlich wie Ihre sind. Es funktioniert nat\u00fcrlich auch andersherum, und deshalb erh\u00f6ht die Verwendung von Hashtags die Sichtbarkeit und wird als effektivster Weg angesehen, um neue Zielgruppen zu erreichen.<br><br>Hashtags sind auch eine effiziente M\u00f6glichkeit, den von uns geposteten Inhalt zu organisieren. Sie helfen den Instagram-Algorithmen, Ihre regul\u00e4ren Beitr\u00e4ge, Karussells oder Reels zu verstehen und sie mit potenziellen Followern &#8211; Menschen, die sich f\u00fcr Ihren Inhalt interessieren &#8211; abzugleichen.<\/p>\n<\/div><\/div>\n\n\n\n<div class=\"wp-block-uagb-container uagb-block-ee3c0e2d alignfull uagb-is-root-container\"><div class=\"uagb-container-inner-blocks-wrap\">\n<h2 class=\"wp-block-heading has-text-color\" style=\"color:#5bbab5;margin-top:var(--wp--preset--spacing--60);margin-right:0;margin-bottom:0;margin-left:0\"><strong><strong><strong>Warum sollten wir Hashtags verwenden?<\/strong><\/strong><\/strong><\/h2>\n\n\n\n<p style=\"margin-top:0;margin-right:0;margin-bottom:0;margin-left:0\">Instagram ist die social media Plattform, die am st\u00e4rksten von Hashtags angetrieben wird. Das Geheimnis, um Ihre Zielgruppe anzuziehen und Ihre Gemeinschaft zu vergr\u00f6\u00dfern, besteht darin, die richtigen und relevantesten zu verwenden. Es ist auch wichtig zu beachten, dass Instagram-Algorithmen eine bedeutende Rolle f\u00fcr unseren Erfolg auf der Plattform spielen, und indem wir die besten Hashtags verwenden, helfen wir ihnen, unsere Beitr\u00e4ge zu kategorisieren, so dass die Plattform sie leichter verteilen kann.<br>Warum sollten Sie in jedem Instagram-Beitrag Hashtags verwenden?<\/p>\n\n\n\n<ul class=\"wp-block-list\" style=\"margin-top:0;margin-right:0;margin-bottom:0;margin-left:0\">\n<li>Hashtags verhalten sich wie eine Bibliothek aller Instagram-Beitr\u00e4ge. Sie machen Ihre Beitr\u00e4ge und Reels entdeckbar, was bedeutet, dass Ihre Zielgruppe leicht finden kann, wonach sie sucht.<\/li>\n\n\n\n<li>Instagram-Hashtags helfen Ihnen dabei, Ihre engagierte Gemeinschaft aufzubauen, da Sie wahrscheinlicher \u00e4hnlich gesinnte Menschen anziehen, die sich wirklich f\u00fcr Ihre Nische interessieren, und sie sind wahrscheinlicher, treue Mitglieder Ihrer Gemeinschaft zu werden.<\/li>\n\n\n\n<li>Viele Menschen entscheiden sich, ihren Lieblings-Hashtags zu folgen, was Ihnen eine fantastische M\u00f6glichkeit gibt, mit Ihrem hashtag-basierten Inhalt in ihrem Feed zu erscheinen, selbst wenn sie Ihnen noch nicht folgen.<\/li>\n\n\n\n<li>Wenn Sie einen Hashtag in Ihrer Bildunterschrift posten, wird Ihr Inhalt auf der Entdeckungsseite f\u00fcr diesen Hashtag angezeigt. Sie k\u00f6nnen zus\u00e4tzliche Sichtbarkeit erlangen, wenn Ihr Beitrag in den Top 9 f\u00fcr einen bestimmten Hashtag landet. Wie Sie bereits wissen, hat jeder Hashtag seine eigene Entdeckungsseite. Hashtag-Seiten zeigen die Top 9 Beitr\u00e4ge, die mit diesem Hashtag markiert sind (sie zeigen auch die neuesten Beitr\u00e4ge und Instagram Reels).<\/li>\n\n\n\n<li>Hashtags sind eine clevere M\u00f6glichkeit, um Instagram-Algorithmen zu erkl\u00e4ren, worum es in Ihrem Inhalt geht. Sie kl\u00e4ren auch, f\u00fcr wen der Beitrag relevant ist und wer ihn sehen sollte.<\/li>\n<\/ul>\n\n\n\n<p><\/p>\n<\/div><\/div>\n\n\n\n<div class=\"wp-block-uagb-container uagb-block-be461e9c alignfull uagb-is-root-container\"><div class=\"uagb-container-inner-blocks-wrap\">\n<h2 class=\"wp-block-heading has-text-color\" style=\"color:#5bbab5;margin-top:var(--wp--preset--spacing--60);margin-right:0;margin-bottom:0;margin-left:0\"><strong><strong><strong>Wie w\u00e4hlt man die besten Hashtags f\u00fcr seine Instagram-Beitr\u00e4ge aus?<\/strong><\/strong><\/strong><\/h2>\n\n\n\n<p class=\"has-text-color\" style=\"color:#eaeaea;margin-top:0;margin-right:0;margin-bottom:0;margin-left:0\">Die Verwendung von Instagram-Hashtags kann eine der effektivsten M\u00f6glichkeiten sein, um Ihr Profil organisch einer neuen Zielgruppe zu pr\u00e4sentieren. Um Hashtags jedoch klug zu verwenden und sie f\u00fcr Sie arbeiten zu lassen (und Ihre Sichtbarkeit auf der Plattform zu erh\u00f6hen!), m\u00fcssen Sie verstehen, wie sie funktionieren, und Ihre Hashtag-Strategie sorgf\u00e4ltig durchdenken.<br><br>Beginnen wir mit den praktischsten Taktiken, die Sie sofort in Ihre Hashtag-Strategie implementieren k\u00f6nnen.<\/p>\n\n\n\n<ol class=\"has-ast-global-color-6-color has-text-color wp-block-list\" style=\"margin-top:0;margin-right:0;margin-bottom:0;margin-left:0\">\n<li>Recherchieren Sie Trend-Hashtags, bevor Sie Ihren Beitrag ver\u00f6ffentlichen. Diese Recherche hilft Ihnen zu verstehen, wonach die Menschen derzeit suchen und welchen Inhalt sie momentan am meisten konsumieren. Zum Beispiel steigt das Suchvolumen f\u00fcr die besten Hashtags im Zusammenhang mit Weihnachten um den 1. Weihnachtstag herum stark an und dieser Trend nimmt bis zur letzten Woche im Dezember ab. Ich sage Ihnen &#8211; w\u00e4hrend der Recherche von Trend-Hashtags k\u00f6nnen Sie viele aufregende Tendenzen entdecken, die Ihnen helfen werden, die Instagram-Community besser zu verstehen. Eine kluge M\u00f6glichkeit, die Recherche von Trend-Hashtags durchzuf\u00fchren, besteht darin, ein Tool wie IQ Hashtags zu verwenden, mit dem Sie ein Schl\u00fcsselwort im Zusammenhang mit Ihrer Nische eingeben k\u00f6nnen und das Ihnen die besten Hashtags zeigt, die zu Ihren Bed\u00fcrfnissen passen. Dies ist eine gro\u00dfartige M\u00f6glichkeit, um Trend-Hashtags f\u00fcr Ihre Beitr\u00e4ge zu entdecken und Tendenzen aufzudecken, die Ihr organisches Wachstum beschleunigen werden.<br><br><\/li>\n\n\n\n<li>Verwenden Sie standortbasierte Hashtags. Sie sind eine ph\u00e4nomenale M\u00f6glichkeit, von neuen potenziellen Followern entdeckt zu werden, da sie gezielt ansprechbar und sehr durchsuchbar sind. Ein weiterer Vorteil ist, dass Sie auf diese Weise Ihr lokales Bewusstsein st\u00e4rken und sich mit der lokalen Gemeinschaft verbinden k\u00f6nnen.<br><br><\/li>\n\n\n\n<li>Analysieren Sie, welche Hashtag-Suchvolumina am besten zu der Gr\u00f6\u00dfe Ihres Profils passen. Je allgemeiner ein Hashtag ist, desto wettbewerbsintensiver wird es, um in die Top-Ten-Beitr\u00e4ge zu gelangen und im Abschnitt der neuesten Beitr\u00e4ge zu bleiben. Idealerweise m\u00f6chten Sie Hashtags verwenden, die sich auf Ihren Beitrag und die Art von Menschen beziehen, die Sie anziehen m\u00f6chten &#8211; und nat\u00fcrlich solche, mit denen Sie eine Chance haben, in die Top-Beitr\u00e4ge zu gelangen. Wie k\u00f6nnen Sie feststellen, welches Suchvolumen f\u00fcr Sie optimal ist? Beginnen Sie damit, Ihre Hashtag-Performance mit der Funktion des IQ Hashtags-Tools zu analysieren, um zu verfolgen, welche Hashtags Ihnen eine h\u00f6here Reichweite geben und welche Hashtag-Gr\u00f6\u00dfe am besten f\u00fcr Sie funktioniert.<br><br><\/li>\n\n\n\n<li>Entdecken Sie, welche Hashtags Ihre Zielgruppe verwendet. Je besser die Hashtags sind, die Sie verwenden, desto h\u00f6her ist die Chance, von Ihrer Zielgruppe entdeckt zu werden. Viele goldene Hashtags funktionieren f\u00fcr verschiedene Nischen, aber zuerst m\u00fcssen Sie herausfinden, welche Hashtags f\u00fcr IHRE Nische funktionieren und welche Ihnen helfen werden, \u00e4hnlich gesinnte Menschen und Ihre Zielgruppe anzuziehen. Denken Sie wie Ihr potenzieller Follower &#8211; welche Schl\u00fcsselw\u00f6rter (Hashtags) w\u00fcrden sie eingeben, um aufregenden Inhalt f\u00fcr sich zu finden? Behalten Sie diesen Ansatz im Hinterkopf, w\u00e4hrend Sie neue Hashtags recherchieren &#8211; dies wird Ihnen helfen, sich in Ihre Zielgruppe hineinzuversetzen und wie sie zu denken, um die besten Chancen oder potenzielle Hindernisse auf dem Weg zu identifizieren. Denken Sie daran, denken Sie wie Ihr potenzieller Follower und nehmen Sie Worte und Dinge auf, die f\u00fcr sie wichtig sind.<br><\/li>\n<\/ol>\n\n\n\n<p><\/p>\n<\/div><\/div>\n\n\n\n<div class=\"wp-block-uagb-container uagb-block-7edf1f40 alignfull uagb-is-root-container\"><div class=\"uagb-container-inner-blocks-wrap\">\n<h2 class=\"wp-block-heading has-text-color\" style=\"color:#5bbab5;margin-top:var(--wp--preset--spacing--60);margin-right:0;margin-bottom:0;margin-left:0\"><strong><strong><strong><strong>Die beliebtesten und trendigen Instagram-Hashtags<\/strong><\/strong><\/strong><\/strong><\/h2>\n\n\n\n<p style=\"margin-top:0;margin-right:0;margin-bottom:0;margin-left:0\">Strategische Hashtag-Recherche und das Festhalten an den besten Hashtags, die am relevantesten f\u00fcr Ihre Nische sind, ist der Schl\u00fcssel zum Wachstum. Trotzdem schadet es von Zeit zu Zeit nicht, die beliebtesten und trendigsten Hashtags zu verwenden, die allgemein und \u00fcberf\u00fcllt sind, aber manchmal zus\u00e4tzliche Ansichten oder Likes geben k\u00f6nnen. Sind Sie neugierig, welche Hashtags derzeit auf dieser Liste stehen?<br><br>#love #instagood #photography #photooftheday #instagram #art #nature #fashion #picoftheday #beautiful #travel #fitness #happy #likeforlikes #follow #style #photo #beauty #instadaily #followforfollowback #makeup #lifestyle #cute #summer #smile #girl #motivation #followme #model #life #instalike #like #design #food #me #tbt #music #sunset #dogsofinstagram #travelphotography #gym #naturephotography #family #artists #friends #handmade #dog #photographer #selfie #workout #fun #bhfyp #explore #interiordesign<br><br>Denken Sie daran, sie nicht zu oft zu verwenden, da sie sehr allgemein sind und nicht Ihre Zielgruppe und Ihre wertvollsten engagierten Follower anziehen werden. Wenn Sie jedoch gelegentlich einen von ihnen hinzuf\u00fcgen, m\u00fcssen Sie sich keine Sorgen machen. Bedenken Sie jedoch, dass gut ausgerichtete Hashtags, die Sie bei der Durchf\u00fchrung spezifischer Hashtag-Recherchen finden, ihr Gewicht in Gold wert sind &#8211; im Gegensatz zu den beliebtesten, \u00fcberf\u00fcllten Hashtags.<\/p>\n\n\n\n<p><\/p>\n<\/div><\/div>\n\n\n\n<div class=\"wp-block-uagb-container uagb-block-cefffa76 alignfull uagb-is-root-container\"><div class=\"uagb-container-inner-blocks-wrap\">\n<h2 class=\"wp-block-heading has-text-color\" style=\"color:#5bbab5;margin-top:var(--wp--preset--spacing--60);margin-right:0;margin-bottom:0;margin-left:0\"><strong><strong><strong><strong>H\u00e4ufig gestellte Fragen zu Hashtags auf Instagram<\/strong><\/strong><\/strong><\/strong><\/h2>\n\n\n\n<p class=\"has-text-color\" style=\"color:#eaeaea;margin-top:0;margin-right:0;margin-bottom:0;margin-left:0\">Wir haben eine FAQ erstellt, die alle Fragen zu Instagram-Hashtags zusammenfasst, die uns am h\u00e4ufigsten gestellt werden &#8211; denn, wie es so sch\u00f6n hei\u00dft, &#8220;Fragen stellen ist der erste Schritt, um Ver\u00e4nderungen zu bewirken.&#8221; Wir lieben Fragen, wenn Sie uns fragen!<\/p>\n\n\n\n<p class=\"has-text-color\" style=\"color:#eaeaea\"><em><strong><strong><em>Wie viele Hashtags sollte ich in meinen Beitr\u00e4gen verwenden?<\/em><\/strong><\/strong><\/em><br><br>Sie k\u00f6nnen in jedem Beitrag bis zu 30 Hashtags (und in einer Instagram-Story bis zu 10 Hashtags) verwenden. Wenn Sie mehr Hashtags eingeben, wird Ihre Bildunterschrift nicht ver\u00f6ffentlicht, und anstelle Ihrer sorgf\u00e4ltig erstellten Bildunterschrift sehen Sie einen leeren Platz. Daher ist die Wahl von 25-30 Hashtags die sicherste Option.<br><br>Angenommen, dass im Social-Media-Bereich oft mehr besser ist, sollten Sie dann das Maximum an Hashtags verwenden? Wir werden Sie nicht \u00fcberraschen: Ja, aber nur, wenn Sie 30 relevante Hashtags finden k\u00f6nnen, die mit Ihrer Nische verbunden sind. Auf diese Weise bietet Ihnen jeder Hashtag die M\u00f6glichkeit, neue potenzielle Follower zu erreichen, und jeder einzelne Hashtag kann einen enormen Unterschied machen.<em><br><\/em><br><strong><em>Wie oft sollte ich meine Hashtags aktualisieren?<\/em><\/strong><em><br><\/em><br>Ein intelligenter Weg, um festzustellen, welche Hashtags f\u00fcr Sie funktionieren, besteht darin, die Hashtag-Performance zu verfolgen (mit dem zuvor erw\u00e4hnten Tool) und die Hashtags zu notieren, mit denen Sie die &#8220;Top-Posts&#8221; erreichen. Dann posten Sie weiterhin diese und wechseln die anderen Hashtags aus, bis Ihre Engagement-Raten wieder verbessert werden.<br><br><strong><em><strong><em>Lohnt es sich, Hashtags zu alten Beitr\u00e4gen hinzuzuf\u00fcgen?<\/em><\/strong><\/em><\/strong><br><br>Wenn Sie lange Zeit nach dem Posten eines Fotos oder Reels einen Hashtag hinzuf\u00fcgen, wird der Beitrag zum Hashtag-Feed hinzugef\u00fcgt, aber r\u00fcckwirkend. Das bedeutet, dass Ihr Inhalt im Hashtag-Feed angezeigt wird, aber Benutzer zur\u00fcckscrollen m\u00fcssen, um ihn in diesem Abschnitt zu finden.<\/p>\n<\/div><\/div>\n\n\n\n<div class=\"wp-block-uagb-container uagb-block-1f3a2b6f alignfull uagb-is-root-container\"><div class=\"uagb-container-inner-blocks-wrap\">\n<div class=\"wp-block-uagb-call-to-action uagb-block-eea381f6 wp-block-button\"><div class=\"uagb-cta__wrap\"><h3 class=\"uagb-cta__title\">Pr\u00fcfen, welche Hashtags verboten sind<\/h3><\/div><div class=\"uagb-cta__buttons\"><a href=\"https:\/\/iqhashtags.com\/\" class=\"uagb-cta__button-link-wrapper wp-block-button__link\" target=\"_self\" rel=\"noopener noreferrer\">Weiter zur Bewerbung<\/a><\/div><\/div>\n<\/div><\/div>\n","protected":false},"excerpt":{"rendered":"","protected":false},"author":1,"featured_media":0,"parent":0,"menu_order":0,"comment_status":"closed","ping_status":"closed","template":"","meta":{"_uag_custom_page_level_css":"","site-sidebar-layout":"default","site-content-layout":"default","ast-global-header-display":"","ast-banner-title-visibility":"","ast-main-header-display":"","ast-hfb-above-header-display":"","ast-hfb-below-header-display":"","ast-hfb-mobile-header-display":"","site-post-title":"disabled","ast-breadcrumbs-content":"","ast-featured-img":"","footer-sml-layout":"","theme-transparent-header-meta":"","adv-header-id-meta":"","stick-header-meta":"","header-above-stick-meta":"","header-main-stick-meta":"","header-below-stick-meta":"","footnotes":""},"class_list":["post-5","page","type-page","status-publish","hentry"],"uagb_featured_image_src":{"full":false,"thumbnail":false,"medium":false,"medium_large":false,"large":false,"1536x1536":false,"2048x2048":false},"uagb_author_info":{"display_name":"grom","author_link":"https:\/\/bestehashtags.de\/author\/grom\/"},"uagb_comment_info":0,"uagb_excerpt":null,"_links":{"self":[{"href":"https:\/\/bestehashtags.de\/index.php\/wp-json\/wp\/v2\/pages\/5","targetHints":{"allow":["GET"]}}],"collection":[{"href":"https:\/\/bestehashtags.de\/index.php\/wp-json\/wp\/v2\/pages"}],"about":[{"href":"https:\/\/bestehashtags.de\/index.php\/wp-json\/wp\/v2\/types\/page"}],"author":[{"embeddable":true,"href":"https:\/\/bestehashtags.de\/index.php\/wp-json\/wp\/v2\/users\/1"}],"replies":[{"embeddable":true,"href":"https:\/\/bestehashtags.de\/index.php\/wp-json\/wp\/v2\/comments?post=5"}],"version-history":[{"count":6,"href":"https:\/\/bestehashtags.de\/index.php\/wp-json\/wp\/v2\/pages\/5\/revisions"}],"predecessor-version":[{"id":28,"href":"https:\/\/bestehashtags.de\/index.php\/wp-json\/wp\/v2\/pages\/5\/revisions\/28"}],"wp:attachment":[{"href":"https:\/\/bestehashtags.de\/index.php\/wp-json\/wp\/v2\/media?parent=5"}],"curies":[{"name":"wp","href":"https:\/\/api.w.org\/{rel}","templated":true}]}}